{"id":54,"date":"2026-01-12T22:42:47","date_gmt":"2026-01-12T20:42:47","guid":{"rendered":"https:\/\/hauworks.fi\/?page_id=54"},"modified":"2026-05-12T12:52:51","modified_gmt":"2026-05-12T09:52:51","slug":"tapahtumakalenteri","status":"publish","type":"page","link":"https:\/\/hauworks.fi\/?page_id=54","title":{"rendered":"Tapahtumakalenteri"},"content":{"rendered":"\n<div class=\"wp-block-group alignfull has-accent-5-background-color has-background has-global-padding is-layout-constrained wp-container-core-group-is-layout-d89aad35 wp-block-group-is-layout-constrained\" style=\"margin-top:0;margin-bottom:0;padding-top:var(--wp--preset--spacing--50);padding-right:var(--wp--preset--spacing--50);padding-bottom:var(--wp--preset--spacing--50);padding-left:var(--wp--preset--spacing--50)\">\n<div class=\"wp-block-columns alignwide is-layout-flex wp-container-core-columns-is-layout-1da03c2a wp-block-columns-is-layout-flex\">\n<div class=\"wp-block-column is-vertically-aligned-center is-layout-flow wp-block-column-is-layout-flow\" style=\"flex-basis:60%\">\n<figure class=\"wp-block-image size-full is-style-rounded wp-duotone-duotone-1 is-style-rounded--1\"><img loading=\"lazy\" decoding=\"async\" width=\"2560\" height=\"1920\" src=\"https:\/\/hauworks.fi\/wp-content\/uploads\/2026\/02\/1000030003-scaled.jpg\" alt=\"\" class=\"wp-image-179\" style=\"aspect-ratio:4\/3;object-fit:cover\" srcset=\"https:\/\/hauworks.fi\/wp-content\/uploads\/2026\/02\/1000030003-scaled.jpg 2560w, https:\/\/hauworks.fi\/wp-content\/uploads\/2026\/02\/1000030003-300x225.jpg 300w, https:\/\/hauworks.fi\/wp-content\/uploads\/2026\/02\/1000030003-1024x768.jpg 1024w, https:\/\/hauworks.fi\/wp-content\/uploads\/2026\/02\/1000030003-768x576.jpg 768w, https:\/\/hauworks.fi\/wp-content\/uploads\/2026\/02\/1000030003-1536x1152.jpg 1536w, https:\/\/hauworks.fi\/wp-content\/uploads\/2026\/02\/1000030003-2048x1536.jpg 2048w\" sizes=\"auto, (max-width: 2560px) 100vw, 2560px\" \/><\/figure>\n<\/div>\n\n\n\n<div class=\"wp-block-column is-layout-flow wp-block-column-is-layout-flow\" style=\"flex-basis:40%\">\n<h2 class=\"wp-block-heading\">Kinkomaalla tapahtuu<\/h2>\n\n\n\n<p>J\u00e4rjest\u00e4n tapahtumia ja p\u00e4ivit\u00e4n niist\u00e4 tietoa my\u00f6s t\u00e4nne.<\/p>\n\n\n\n<p><\/p>\n\n\n\n<p><strong>JAANA-KAISA TIMOSEN VASTAANOTTO<\/strong><\/p>\n\n\n\n<p>Jaana-Kaisa k\u00e4sittelee koiran selk\u00e4rangan ja sen pehmytkudokset ERMMT-tekniikalla.<\/p>\n\n\n\n<ul class=\"wp-block-list\">\n<li>la-su 27.-28.6.<\/li>\n\n\n\n<li>la-su 24.-25.10.<\/li>\n<\/ul>\n\n\n\n<p>Ohjeet<\/p>\n\n\n\n<p><\/p>\n\n\n\n<ul class=\"wp-block-list\">\n<li>Ilmoittautuminen <strong>kes\u00e4kuun<\/strong> k\u00e4sittelyyn alkaa 1.6. Paikat jaetaan suoraan.<\/li>\n\n\n\n<li>Ilmoittautuminen <strong>lokakuun<\/strong> k\u00e4sittelyyn alkaa 1.10. Paikat jaetaan suoraan.<\/li>\n\n\n\n<li>K\u00e4sittelyajat: la 10-18 ja su 9-17<\/li>\n\n\n\n<li>K\u00e4sittelyn hinta on 75\u20ac\/koira<\/li>\n\n\n\n<li>Ilmoittaudu s\u00e4hk\u00f6postitse tarja@hauworks.fi    <\/li>\n<\/ul>\n\n\n\n<p><\/p>\n\n\n\n<div class=\"wp-block-buttons is-layout-flex wp-block-buttons-is-layout-flex\"><\/div>\n<\/div>\n<\/div>\n<\/div>\n\n\n\n<div class=\"wp-block-group alignfull has-global-padding is-layout-constrained wp-container-core-group-is-layout-669513ed wp-block-group-is-layout-constrained\" style=\"margin-top:0;margin-bottom:0;padding-top:var(--wp--preset--spacing--50);padding-right:var(--wp--preset--spacing--50);padding-bottom:var(--wp--preset--spacing--50);padding-left:var(--wp--preset--spacing--50)\">\n<div class=\"wp-block-group is-vertical is-content-justification-center is-layout-flex wp-container-core-group-is-layout-ce155fab wp-block-group-is-layout-flex\">\n<h2 class=\"wp-block-heading has-text-align-center has-xx-large-font-size\">Koulutukset alan ammattilaisille<\/h2>\n\n\n\n<p class=\"has-text-align-left\">J\u00e4rjest\u00e4n Koirien faskiahoito-koulutuksia koirahierojille. Kursseilla keskityt\u00e4\u00e4n huolelliseen k\u00e4dentaitojen kehitt\u00e4miseen palpaation avulla. Kurssin k\u00e4yty\u00e4si sinulla on riitt\u00e4v\u00e4sti ty\u00f6kaluja niin faskiakireyksien tunnistamiseen kuin hoitamiseen koirilta. Koulutukset j\u00e4rjestet\u00e4\u00e4n enint\u00e4\u00e4n 4 henkil\u00f6n pienryhmiss\u00e4, mik\u00e4 mahdollistaa eritt\u00e4in intensiivisen oppimiskokemuksen. N\u00e4in voit kehitt\u00e4\u00e4 omaa ammattitaitoasi turvallisessa, oppimista vahvasti tukevassa ymp\u00e4rist\u00f6ss\u00e4. Tervetuloa mukaan!<\/p>\n\n\n\n<p><strong>Lis\u00e4tiedot ja ilmoittautuminen: tarja@hauworks.fi<\/strong><\/p>\n\n\n\n<p class=\"has-text-align-center\"><\/p>\n<\/div>\n\n\n\n<div style=\"height:var(--wp--preset--spacing--30)\" aria-hidden=\"true\" class=\"wp-block-spacer\"><\/div>\n\n\n\n<div class=\"wp-block-columns alignwide is-layout-flex wp-container-core-columns-is-layout-4935966c wp-block-columns-is-layout-flex\" style=\"padding-right:0;padding-left:0\">\n<div class=\"wp-block-column is-layout-flow wp-block-column-is-layout-flow\">\n<figure class=\"wp-block-image size-full is-style-rounded is-style-rounded--2\"><img loading=\"lazy\" decoding=\"async\" width=\"1920\" height=\"2560\" src=\"https:\/\/hauworks.fi\/wp-content\/uploads\/2026\/01\/1000022489-scaled.jpg\" alt=\"\" class=\"wp-image-151\" style=\"aspect-ratio:1;object-fit:cover\" srcset=\"https:\/\/hauworks.fi\/wp-content\/uploads\/2026\/01\/1000022489-scaled.jpg 1920w, https:\/\/hauworks.fi\/wp-content\/uploads\/2026\/01\/1000022489-225x300.jpg 225w, https:\/\/hauworks.fi\/wp-content\/uploads\/2026\/01\/1000022489-768x1024.jpg 768w, https:\/\/hauworks.fi\/wp-content\/uploads\/2026\/01\/1000022489-1152x1536.jpg 1152w, https:\/\/hauworks.fi\/wp-content\/uploads\/2026\/01\/1000022489-1536x2048.jpg 1536w\" sizes=\"auto, (max-width: 1920px) 100vw, 1920px\" \/><\/figure>\n\n\n\n<p class=\"has-medium-font-size\"><strong>Koirien faskiahoito 1<\/strong> (2pv)<\/p>\n\n\n\n<div class=\"wp-block-group is-vertical is-content-justification-center is-nowrap is-layout-flex wp-container-core-group-is-layout-21d4e958 wp-block-group-is-layout-flex\">\n<p class=\"has-text-align-center has-small-font-size\"><\/p>\n\n\n\n<ul class=\"wp-block-list\">\n<li class=\"has-small-font-size\">mik\u00e4 faskia on<\/li>\n\n\n\n<li class=\"has-small-font-size\">miten tunnistat kireydet<\/li>\n\n\n\n<li class=\"has-small-font-size\">miten hoidat kireyksi\u00e4<\/li>\n\n\n\n<li class=\"has-small-font-size\">kotihoito<\/li>\n\n\n\n<li class=\"has-small-font-size\">j\u00e4lkihoito<\/li>\n\n\n\n<li class=\"has-small-font-size\">pulmatilanteet hoidon aikana<\/li>\n<\/ul>\n\n\n\n<p class=\"has-small-font-size\"><\/p>\n<\/div>\n\n\n\n<p class=\"has-small-font-size\">Kurssip\u00e4iv\u00e4t 2026<\/p>\n\n\n\n<p class=\"has-small-font-size\"><\/p>\n\n\n\n<ul class=\"wp-block-list\">\n<li class=\"has-small-font-size\">la-su 4.-5.7.<\/li>\n\n\n\n<li class=\"has-small-font-size\">la-su 5.-6.9.<\/li>\n\n\n\n<li class=\"has-small-font-size\">la-su 3.-4.10.<\/li>\n\n\n\n<li class=\"has-small-font-size\">la-su 7.-8.11.<\/li>\n\n\n\n<li class=\"has-small-font-size\">la-su 12.-13.12.<\/li>\n<\/ul>\n<\/div>\n\n\n\n<div class=\"wp-block-column is-layout-flow wp-block-column-is-layout-flow\">\n<figure class=\"wp-block-image size-full is-style-rounded is-style-rounded--3\"><img loading=\"lazy\" decoding=\"async\" width=\"2560\" height=\"1920\" src=\"https:\/\/hauworks.fi\/wp-content\/uploads\/2026\/01\/1000030000-scaled.jpg\" alt=\"\" class=\"wp-image-152\" style=\"aspect-ratio:1;object-fit:cover\" srcset=\"https:\/\/hauworks.fi\/wp-content\/uploads\/2026\/01\/1000030000-scaled.jpg 2560w, https:\/\/hauworks.fi\/wp-content\/uploads\/2026\/01\/1000030000-300x225.jpg 300w, https:\/\/hauworks.fi\/wp-content\/uploads\/2026\/01\/1000030000-1024x768.jpg 1024w, https:\/\/hauworks.fi\/wp-content\/uploads\/2026\/01\/1000030000-768x576.jpg 768w, https:\/\/hauworks.fi\/wp-content\/uploads\/2026\/01\/1000030000-1536x1152.jpg 1536w, https:\/\/hauworks.fi\/wp-content\/uploads\/2026\/01\/1000030000-2048x1536.jpg 2048w\" sizes=\"auto, (max-width: 2560px) 100vw, 2560px\" \/><\/figure>\n\n\n\n<p class=\"has-text-align-left has-medium-font-size\"><strong>Koirien faskiahoito 2<\/strong> (1pv)<\/p>\n\n\n\n<div class=\"wp-block-group is-vertical is-content-justification-center is-nowrap is-layout-flex wp-container-core-group-is-layout-63bfd6c1 wp-block-group-is-layout-flex\">\n<p class=\"has-text-align-center has-small-font-size\"><\/p>\n\n\n\n<ul class=\"wp-block-list\">\n<li class=\"has-small-font-size\">jatkokurssi faskiahoito 1-kurssille aikaisintaan 1kk kuluttua sen suorittamisesta<\/li>\n\n\n\n<li class=\"has-small-font-size\">vatsan alueen faskioiden hoito<\/li>\n\n\n\n<li class=\"has-small-font-size\">case-hoitojen purku ja kyselymahdollisuus<\/li>\n<\/ul>\n\n\n\n<p class=\"has-small-font-size\"><\/p>\n<\/div>\n\n\n\n<p class=\"has-small-font-size\">Kurssip\u00e4iv\u00e4t 2026:<\/p>\n\n\n\n<p class=\"has-small-font-size\"><\/p>\n\n\n\n<ul class=\"wp-block-list\">\n<li class=\"has-small-font-size\">la 5.9.<\/li>\n\n\n\n<li class=\"has-small-font-size\">la 3.10.<\/li>\n\n\n\n<li class=\"has-small-font-size\">la 7.11.<\/li>\n\n\n\n<li class=\"has-small-font-size\">la 12.12.<\/li>\n<\/ul>\n<\/div>\n\n\n\n<div class=\"wp-block-column is-layout-flow wp-block-column-is-layout-flow\">\n<figure class=\"wp-block-image size-full is-style-rounded is-style-rounded--4\"><img loading=\"lazy\" decoding=\"async\" width=\"1920\" height=\"2560\" src=\"https:\/\/hauworks.fi\/wp-content\/uploads\/2026\/02\/1000030926-scaled.jpg\" alt=\"\" class=\"wp-image-177\" style=\"aspect-ratio:1;object-fit:cover\" srcset=\"https:\/\/hauworks.fi\/wp-content\/uploads\/2026\/02\/1000030926-scaled.jpg 1920w, https:\/\/hauworks.fi\/wp-content\/uploads\/2026\/02\/1000030926-225x300.jpg 225w, https:\/\/hauworks.fi\/wp-content\/uploads\/2026\/02\/1000030926-768x1024.jpg 768w, https:\/\/hauworks.fi\/wp-content\/uploads\/2026\/02\/1000030926-1152x1536.jpg 1152w, https:\/\/hauworks.fi\/wp-content\/uploads\/2026\/02\/1000030926-1536x2048.jpg 1536w\" sizes=\"auto, (max-width: 1920px) 100vw, 1920px\" \/><\/figure>\n\n\n\n<p class=\"has-text-align-left has-medium-font-size\"><strong>Koiranomistajille kurssi <\/strong><\/p>\n\n\n\n<div class=\"wp-block-group is-vertical is-content-justification-center is-nowrap is-layout-flex wp-container-core-group-is-layout-63bfd6c1 wp-block-group-is-layout-flex\">\n<p class=\"has-text-align-center has-small-font-size\"><\/p>\n\n\n\n<p class=\"has-small-font-size\">Oletko kiinnostunut oman koirasi yll\u00e4pitohoidosta?<\/p>\n<\/div>\n\n\n\n<p class=\"has-small-font-size\"><em><strong>Olen kehitt\u00e4m\u00e4ss\u00e4 uutta hoitomuotoa, johon etsin pilottiryhm\u00e4\u00e4 koulutettavaksi.<\/strong><\/em><\/p>\n\n\n\n<p class=\"has-small-font-size\">Laita viesti\u00e4, jos olet kiinnostunut:<\/p>\n\n\n\n<p class=\"has-small-font-size\">tarja@hauworks.fi<\/p>\n<\/div>\n\n\n\n<div class=\"wp-block-column is-layout-flow wp-block-column-is-layout-flow\">\n<figure class=\"wp-block-image size-full is-style-rounded is-style-rounded--5\"><img loading=\"lazy\" decoding=\"async\" width=\"2155\" height=\"1979\" src=\"https:\/\/hauworks.fi\/wp-content\/uploads\/2026\/02\/IMG_20250614_122925.jpg\" alt=\"\" class=\"wp-image-172\" style=\"aspect-ratio:1;object-fit:cover\" srcset=\"https:\/\/hauworks.fi\/wp-content\/uploads\/2026\/02\/IMG_20250614_122925.jpg 2155w, https:\/\/hauworks.fi\/wp-content\/uploads\/2026\/02\/IMG_20250614_122925-300x275.jpg 300w, https:\/\/hauworks.fi\/wp-content\/uploads\/2026\/02\/IMG_20250614_122925-1024x940.jpg 1024w, https:\/\/hauworks.fi\/wp-content\/uploads\/2026\/02\/IMG_20250614_122925-768x705.jpg 768w, https:\/\/hauworks.fi\/wp-content\/uploads\/2026\/02\/IMG_20250614_122925-1536x1411.jpg 1536w, https:\/\/hauworks.fi\/wp-content\/uploads\/2026\/02\/IMG_20250614_122925-2048x1881.jpg 2048w\" sizes=\"auto, (max-width: 2155px) 100vw, 2155px\" \/><\/figure>\n\n\n\n<p class=\"has-text-align-left has-medium-font-size\"><strong>Koirien kuntouinti ja vesiterapia<\/strong><\/p>\n\n\n\n<div class=\"wp-block-group is-vertical is-content-justification-center is-nowrap is-layout-flex wp-container-core-group-is-layout-21d4e958 wp-block-group-is-layout-flex\">\n<p class=\"has-small-font-size\">Haluatko oppia uutta tai syvent\u00e4\u00e4 tietoasi koirien kuntouinnista tai vesiterapiasta?<\/p>\n<\/div>\n\n\n\n<p class=\"has-small-font-size\"><strong>Teen r\u00e4\u00e4t\u00e4l\u00f6ityj\u00e4 teoria- ja k\u00e4yt\u00e4nn\u00f6n koulutuksia ymp\u00e4ri Suomen. Ota yhteytt\u00e4, niin suunnitellaan sinulle sopiva kokonaisuus tarpeidesi mukaan.<\/strong><\/p>\n\n\n\n<p class=\"has-small-font-size\"><strong>Koiranomistaja: jos tarvitset apua koirasi uintiin tai vesijuoksumatolla treenaamiseen, ota yhteytt\u00e4.<\/strong><\/p>\n\n\n\n<p class=\"has-small-font-size\">tarja@hauworks.fi<\/p>\n\n\n\n<div class=\"wp-block-group is-vertical is-content-justification-center is-nowrap is-layout-flex wp-container-core-group-is-layout-21d4e958 wp-block-group-is-layout-flex\">\n<p><\/p>\n<\/div>\n<\/div>\n<\/div>\n<\/div>\n\n\n\n<div class=\"wp-block-group alignfull has-base-color has-contrast-background-color has-text-color has-background has-link-color wp-elements-2b5e12f6cfc85323f8f44d3efd70be44 has-global-padding is-layout-constrained wp-container-core-group-is-layout-d89aad35 wp-block-group-is-layout-constrained\" style=\"margin-top:0;margin-bottom:0;padding-top:var(--wp--preset--spacing--50);padding-right:var(--wp--preset--spacing--50);padding-bottom:var(--wp--preset--spacing--50);padding-left:var(--wp--preset--spacing--50)\">\n<h2 class=\"wp-block-heading alignwide has-base-color has-text-color has-link-color wp-elements-37c57f284301dc845b5161e088ab3381\" style=\"font-size:clamp(4.509rem, 4.509rem + ((1vw - 0.2rem) * 9.152), 10rem);letter-spacing:-0.02em\">Koulutuksista kysytty\u00e4<\/h2>\n\n\n\n<div class=\"wp-block-group alignwide is-layout-flow wp-block-group-is-layout-flow\">\n<hr class=\"wp-block-separator has-text-color has-base-color has-alpha-channel-opacity has-base-background-color has-background is-style-wide\" style=\"margin-top:var(--wp--preset--spacing--30);margin-bottom:var(--wp--preset--spacing--30)\"\/>\n\n\n\n<h3 class=\"wp-block-heading alignwide has-base-2-color has-text-color has-link-color wp-elements-47c0b246b34190a193d9b67600315c67\">Olen k\u00e4ynyt koirahieronta-kurssin. Voinko osallistua faskiakurssille?<\/h3>\n\n\n\n<p class=\"has-contrast-1-color has-text-color has-link-color wp-elements-5ef6594818c45f29d5b5295ddbbc9ba1\">Ehdottomasti kyll\u00e4! Kurssisis\u00e4lt\u00f6 on suunniteltu vastavalmistuneille, hetken aikaa alalla ty\u00f6t\u00e4 tehneille ja heille, joilla ei konkreettista kokemusta faskiahoitamisesta viel\u00e4 ole paljon kertynyt.<\/p>\n\n\n\n<hr class=\"wp-block-separator has-text-color has-base-color has-alpha-channel-opacity has-base-background-color has-background is-style-wide\" style=\"margin-top:var(--wp--preset--spacing--30);margin-bottom:var(--wp--preset--spacing--30)\"\/>\n\n\n\n<h3 class=\"wp-block-heading alignwide has-base-2-color has-text-color has-link-color wp-elements-ef08f638882db511c05eb060dd79eab1\">Pit\u00e4\u00e4k\u00f6 minun osata jo jotain koiran faskioista (lihaskalvoista)?<\/h3>\n\n\n\n<p class=\"has-contrast-1-color has-text-color has-link-color wp-elements-ec7e9cba480c5b3d1608cfb049462cc2\">Ei tarvitse! Koulutusporukkaan otetaan 2-4 opiskelijaa, joten koulutus on eritt\u00e4in intensiivinen kokonaisuus. Jokaisen koulutettavan osaaminen vahvistuu ja voit opiskella turvallisessa ymp\u00e4rist\u00f6ss\u00e4.<\/p>\n\n\n\n<hr class=\"wp-block-separator has-text-color has-base-color has-alpha-channel-opacity has-base-background-color has-background is-style-wide\" style=\"margin-top:var(--wp--preset--spacing--30);margin-bottom:var(--wp--preset--spacing--30)\"\/>\n\n\n\n<h3 class=\"wp-block-heading alignwide has-base-2-color has-text-color has-link-color wp-elements-67cb352d81bf27cc4e7d080e6ac84143\">Voinko osallistua suoraan Koirien faskiahoito 2-kurssille?<\/h3>\n\n\n\n<p class=\"has-contrast-1-color has-text-color has-link-color wp-elements-afefb92e84e78fe7264b883eb10f35a4\">Et valitettavasti voi. Sinun on ensin suoritettava Koirien faskiahoito 1-kurssi, jotta voit tulla jatkokurssille. <\/p>\n\n\n\n<hr class=\"wp-block-separator has-text-color has-base-color has-alpha-channel-opacity has-base-background-color has-background is-style-wide\" style=\"margin-top:var(--wp--preset--spacing--30);margin-bottom:var(--wp--preset--spacing--30)\"\/>\n\n\n\n<h3 class=\"wp-block-heading alignwide has-base-2-color has-text-color has-link-color wp-elements-cddad8a9e5b8c2d8b387a6925d97a961\">Miten voin ilmoittautua mukaan?<\/h3>\n\n\n\n<p class=\"has-contrast-1-color has-text-color has-link-color wp-elements-ae1ab7156734c5f524b963e91b9d46e3\">Jos olet kiinnostunut koulutuksesta, laita s\u00e4hk\u00f6postia tarja@hauworks.fi tai ota yhteytt\u00e4 somen kautta tai puhelimitse 045 136 6427.<\/p>\n\n\n\n<div style=\"margin-top:var(--wp--preset--spacing--10);margin-bottom:0;height:var(--wp--preset--spacing--10)\" aria-hidden=\"true\" class=\"wp-block-spacer\"><\/div>\n<\/div>\n<\/div>\n\n\n\n<div class=\"wp-block-group alignfull has-global-padding is-layout-constrained wp-container-core-group-is-layout-d89aad35 wp-block-group-is-layout-constrained\" style=\"margin-top:0;margin-bottom:0;padding-top:var(--wp--preset--spacing--50);padding-right:var(--wp--preset--spacing--50);padding-bottom:var(--wp--preset--spacing--50);padding-left:var(--wp--preset--spacing--50)\">\n<div class=\"wp-block-columns alignwide are-vertically-aligned-center is-layout-flex wp-container-core-columns-is-layout-47c06fe3 wp-block-columns-is-layout-flex\">\n<div class=\"wp-block-column is-vertically-aligned-center is-layout-flow wp-block-column-is-layout-flow\" style=\"flex-basis:50%\">\n<h2 class=\"wp-block-heading\">Koulutuksen periaatteet<\/h2>\n\n\n\n<ul style=\"line-height:1.75\" class=\"wp-block-list is-style-checkmark-list\">\n<li>K\u00e4yt\u00e4nn\u00f6n osaamisen vahvistaminen<\/li>\n\n\n\n<li>Jatkuva oppiminen<\/li>\n\n\n\n<li>Turvallinen oppimisymp\u00e4rist\u00f6<\/li>\n<\/ul>\n\n\n\n<p><\/p>\n<\/div>\n\n\n\n<div class=\"wp-block-column is-vertically-aligned-center is-layout-flow wp-block-column-is-layout-flow\" style=\"flex-basis:50%\">\n<figure class=\"wp-block-image size-full is-style-rounded is-style-rounded--6\"><img loading=\"lazy\" decoding=\"async\" width=\"2560\" height=\"1920\" src=\"https:\/\/hauworks.fi\/wp-content\/uploads\/2026\/01\/Tuuren-kuva-scaled.jpg\" alt=\"\" class=\"wp-image-135\" style=\"aspect-ratio:4\/3;object-fit:cover\" srcset=\"https:\/\/hauworks.fi\/wp-content\/uploads\/2026\/01\/Tuuren-kuva-scaled.jpg 2560w, https:\/\/hauworks.fi\/wp-content\/uploads\/2026\/01\/Tuuren-kuva-300x225.jpg 300w, https:\/\/hauworks.fi\/wp-content\/uploads\/2026\/01\/Tuuren-kuva-1024x768.jpg 1024w, https:\/\/hauworks.fi\/wp-content\/uploads\/2026\/01\/Tuuren-kuva-768x576.jpg 768w, https:\/\/hauworks.fi\/wp-content\/uploads\/2026\/01\/Tuuren-kuva-1536x1152.jpg 1536w, https:\/\/hauworks.fi\/wp-content\/uploads\/2026\/01\/Tuuren-kuva-2048x1536.jpg 2048w\" sizes=\"auto, (max-width: 2560px) 100vw, 2560px\" \/><\/figure>\n<\/div>\n<\/div>\n<\/div>\n","protected":false},"excerpt":{"rendered":"<p>Kinkomaalla tapahtuu J\u00e4rjest\u00e4n tapahtumia ja p\u00e4ivit\u00e4n niist\u00e4 tietoa my\u00f6s t\u00e4nne. JAANA-KAISA TIMOSEN VASTAANOTTO Jaana-Kaisa k\u00e4sittelee koiran selk\u00e4rangan ja sen pehmytkudokset ERMMT-tekniikalla. Ohjeet Koulutukset alan ammattilaisille J\u00e4rjest\u00e4n Koirien faskiahoito-koulutuksia koirahierojille. Kursseilla keskityt\u00e4\u00e4n huolelliseen k\u00e4dentaitojen kehitt\u00e4miseen palpaation avulla. Kurssin k\u00e4yty\u00e4si sinulla on riitt\u00e4v\u00e4sti ty\u00f6kaluja niin faskiakireyksien tunnistamiseen kuin hoitamiseen koirilta. Koulutukset j\u00e4rjestet\u00e4\u00e4n enint\u00e4\u00e4n 4 henkil\u00f6n pienryhmiss\u00e4, mik\u00e4 [&hellip;]<\/p>\n","protected":false},"author":1,"featured_media":149,"parent":0,"menu_order":0,"comment_status":"closed","ping_status":"closed","template":"","meta":{"footnotes":""},"class_list":["post-54","page","type-page","status-publish","has-post-thumbnail","hentry"],"_links":{"self":[{"href":"https:\/\/hauworks.fi\/index.php?rest_route=\/wp\/v2\/pages\/54","targetHints":{"allow":["GET"]}}],"collection":[{"href":"https:\/\/hauworks.fi\/index.php?rest_route=\/wp\/v2\/pages"}],"about":[{"href":"https:\/\/hauworks.fi\/index.php?rest_route=\/wp\/v2\/types\/page"}],"author":[{"embeddable":true,"href":"https:\/\/hauworks.fi\/index.php?rest_route=\/wp\/v2\/users\/1"}],"replies":[{"embeddable":true,"href":"https:\/\/hauworks.fi\/index.php?rest_route=%2Fwp%2Fv2%2Fcomments&post=54"}],"version-history":[{"count":47,"href":"https:\/\/hauworks.fi\/index.php?rest_route=\/wp\/v2\/pages\/54\/revisions"}],"predecessor-version":[{"id":234,"href":"https:\/\/hauworks.fi\/index.php?rest_route=\/wp\/v2\/pages\/54\/revisions\/234"}],"wp:featuredmedia":[{"embeddable":true,"href":"https:\/\/hauworks.fi\/index.php?rest_route=\/wp\/v2\/media\/149"}],"wp:attachment":[{"href":"https:\/\/hauworks.fi\/index.php?rest_route=%2Fwp%2Fv2%2Fmedia&parent=54"}],"curies":[{"name":"wp","href":"https:\/\/api.w.org\/{rel}","templated":true}]}}