{"id":52,"date":"2026-01-12T22:09:01","date_gmt":"2026-01-12T20:09:01","guid":{"rendered":"https:\/\/hauworks.fi\/?page_id=52"},"modified":"2026-02-03T09:14:21","modified_gmt":"2026-02-03T07:14:21","slug":"varaa-aika","status":"publish","type":"page","link":"https:\/\/hauworks.fi\/?page_id=52","title":{"rendered":"Varaa aika"},"content":{"rendered":"\n<div class=\"wp-block-group alignfull has-accent-background-color has-background has-global-padding is-layout-constrained wp-container-core-group-is-layout-669513ed wp-block-group-is-layout-constrained\" style=\"margin-top:0;margin-bottom:0;padding-top:var(--wp--preset--spacing--50);padding-right:var(--wp--preset--spacing--50);padding-bottom:var(--wp--preset--spacing--50);padding-left:var(--wp--preset--spacing--50)\">\n<div class=\"wp-block-columns alignwide is-layout-flex wp-container-core-columns-is-layout-1da03c2a wp-block-columns-is-layout-flex\">\n<div class=\"wp-block-column is-vertically-aligned-stretch is-layout-flow wp-block-column-is-layout-flow\" style=\"flex-basis:50%\">\n<div class=\"wp-block-group is-vertical is-content-justification-stretch is-layout-flex wp-container-core-group-is-layout-444d5ee8 wp-block-group-is-layout-flex\" style=\"min-height:100%\">\n<p class=\"has-heading-font-family has-x-large-font-size\" style=\"line-height:1.2\">Voit varata ajan yhdelle tai useammalle koiralle. Yhden koiran hoito kest\u00e4\u00e4 noin 60min. <\/p>\n\n\n\n<p class=\"has-heading-font-family has-x-large-font-size\" style=\"line-height:1.2\">Teen k\u00e4sittelyit\u00e4 Kinkomaalla (S\u00e4\u00e4ksj\u00e4rventie 2, halli 10) ja kotik\u00e4yntein\u00e4.<\/p>\n\n\n\n<p class=\"has-heading-font-family has-x-large-font-size\" style=\"line-height:1.2\"><em>HUOM! Kotik\u00e4ynteihin varaukset vain puhelimitse tai s\u00e4hk\u00f6postilla.<\/em><\/p>\n\n\n\n<p><\/p>\n\n\n\n<div class=\"wp-block-group has-global-padding is-content-justification-left is-layout-constrained wp-container-core-group-is-layout-9fe8ed88 wp-block-group-is-layout-constrained\">\n<div class=\"wp-block-buttons is-layout-flex wp-block-buttons-is-layout-flex\">\n<div class=\"wp-block-button\"><a class=\"wp-block-button__link wp-element-button\" href=\"https:\/\/vello.fi\/hauworks\">Klikkaa t\u00e4st\u00e4 ajanvaraukseen<\/a><\/div>\n<\/div>\n<\/div>\n<\/div>\n<\/div>\n\n\n\n<div class=\"wp-block-column is-vertically-aligned-center is-layout-flow wp-block-column-is-layout-flow\" style=\"flex-basis:50%\">\n<figure class=\"wp-block-image size-large is-style-rounded is-style-rounded--1\"><img loading=\"lazy\" decoding=\"async\" width=\"768\" height=\"1024\" src=\"https:\/\/hauworks.fi\/wp-content\/uploads\/2026\/02\/1000022489-768x1024.jpg\" alt=\"\" class=\"wp-image-159\" style=\"aspect-ratio:3\/4;object-fit:cover\"\/><\/figure>\n<\/div>\n<\/div>\n<\/div>\n\n\n\n<div class=\"wp-block-group alignfull has-base-background-color has-background has-global-padding is-layout-constrained wp-container-core-group-is-layout-d89aad35 wp-block-group-is-layout-constrained\" style=\"margin-top:0;margin-bottom:0;padding-top:var(--wp--preset--spacing--50);padding-right:var(--wp--preset--spacing--50);padding-bottom:var(--wp--preset--spacing--50);padding-left:var(--wp--preset--spacing--50)\">\n<div class=\"wp-block-columns alignwide is-layout-flex wp-container-core-columns-is-layout-549b0c86 wp-block-columns-is-layout-flex\">\n<div class=\"wp-block-column has-global-padding is-content-justification-left is-layout-constrained wp-container-core-column-is-layout-4f15e8fe wp-block-column-is-layout-constrained\" style=\"flex-basis:40%\">\n<p>Hieronnan esteet<\/p>\n<\/div>\n\n\n\n<div class=\"wp-block-column is-layout-flow wp-container-core-column-is-layout-119bc444 wp-block-column-is-layout-flow\" style=\"flex-basis:60%\">\n<p class=\"has-heading-font-family has-x-large-font-size\" style=\"line-height:1.2\"><em>HUOM! K\u00e4sittelyyn ei voi tulla koira, jolla on juoksut, tarttuva tauti, kuume, shokki, tulehdus, valeraskaus, alle 7vrk leikkauksesta, tiineys tai vatsavaivoja. Otathan yhteytt\u00e4, jos koirallasi ilmenee este k\u00e4sittelylle.<\/em><\/p>\n\n\n\n<div class=\"wp-block-columns is-layout-flex wp-container-core-columns-is-layout-87beb0d0 wp-block-columns-is-layout-flex\">\n<div class=\"wp-block-column is-layout-flow wp-block-column-is-layout-flow\"><\/div>\n\n\n\n<div class=\"wp-block-column is-layout-flow wp-block-column-is-layout-flow\"><\/div>\n<\/div>\n<\/div>\n<\/div>\n<\/div>\n\n\n\n<div class=\"wp-block-group alignfull has-accent-5-background-color has-background has-global-padding is-layout-constrained wp-container-core-group-is-layout-d89aad35 wp-block-group-is-layout-constrained\" style=\"margin-top:0;margin-bottom:0;padding-top:var(--wp--preset--spacing--50);padding-right:var(--wp--preset--spacing--50);padding-bottom:var(--wp--preset--spacing--50);padding-left:var(--wp--preset--spacing--50)\">\n<div class=\"wp-block-columns alignwide is-layout-flex wp-container-core-columns-is-layout-1da03c2a wp-block-columns-is-layout-flex\">\n<div class=\"wp-block-column is-vertically-aligned-center is-layout-flow wp-block-column-is-layout-flow\" style=\"flex-basis:60%\">\n<figure class=\"wp-block-image size-full is-style-rounded wp-duotone-duotone-1 is-style-rounded--2\"><img loading=\"lazy\" decoding=\"async\" width=\"1779\" height=\"2560\" src=\"https:\/\/hauworks.fi\/wp-content\/uploads\/2026\/02\/Pikkutuuren-dobo-scaled.jpg\" alt=\"\" class=\"wp-image-157\" style=\"aspect-ratio:3\/4;object-fit:cover\" srcset=\"https:\/\/hauworks.fi\/wp-content\/uploads\/2026\/02\/Pikkutuuren-dobo-scaled.jpg 1779w, https:\/\/hauworks.fi\/wp-content\/uploads\/2026\/02\/Pikkutuuren-dobo-208x300.jpg 208w, https:\/\/hauworks.fi\/wp-content\/uploads\/2026\/02\/Pikkutuuren-dobo-712x1024.jpg 712w, https:\/\/hauworks.fi\/wp-content\/uploads\/2026\/02\/Pikkutuuren-dobo-768x1105.jpg 768w, https:\/\/hauworks.fi\/wp-content\/uploads\/2026\/02\/Pikkutuuren-dobo-1067x1536.jpg 1067w, https:\/\/hauworks.fi\/wp-content\/uploads\/2026\/02\/Pikkutuuren-dobo-1423x2048.jpg 1423w\" sizes=\"auto, (max-width: 1779px) 100vw, 1779px\" \/><\/figure>\n<\/div>\n\n\n\n<div class=\"wp-block-column is-layout-flow wp-block-column-is-layout-flow\" style=\"flex-basis:40%\">\n<h2 class=\"wp-block-heading\">Usein kysytty\u00e4<\/h2>\n\n\n\n<ol class=\"wp-block-list\">\n<li><strong>Voinko tuoda pennun k\u00e4sittelyyn?<\/strong> Kyll\u00e4 voit. Pient\u00e4 pentua ei hierota, vaan k\u00e4sitell\u00e4\u00e4n kraniosakraalij\u00e4rjestelm\u00e4\u00e4 ja my\u00f6hemm\u00e4ss\u00e4 kasvuvaiheessa k\u00e4sitell\u00e4\u00e4n lis\u00e4ksi lihaskalvoja.<\/li>\n\n\n\n<li><strong>Voinko tuoda yhden koiran k\u00e4sittelyyn, jos yhdell\u00e4 on vatsa sekaisin?<\/strong> Periaatteessa et, mutta jos tied\u00e4t 100% varmasti ett\u00e4 kyse on esim. allergiaper\u00e4isest\u00e4, ei tarttuvasta taudista, niin silloin voit tuoda. Vatsa sekaisin olevaa koiraa et voi tuoda hoitoon.<\/li>\n\n\n\n<li><strong>Voinko tuoda juoksuisen koiran k\u00e4sittelyyn? <\/strong>Juoksujen aikaan ei k\u00e4sitell\u00e4. Juoksujen alkamisesta noin 4 viikon kuluttua voit tuoda.<\/li>\n\n\n\n<li><strong>Milloin olisi hyv\u00e4 varata k\u00e4sittelyaika ennen t\u00e4rke\u00e4\u00e4 n\u00e4yttely\u00e4?<\/strong> Koiran tilanteesta riippuen viimeist\u00e4\u00e4n 2-3pv ennen n\u00e4yttely\u00e4. Joillekin sopii paremmin 1-2 viikkoa ennen n\u00e4yttely\u00e4. Voit ottaa yhteytt\u00e4 ja voidaan yhdess\u00e4 mietti\u00e4 mik\u00e4 on sopiva ajankohta.<\/li>\n\n\n\n<li><strong>Miten pian pentujen syntym\u00e4n j\u00e4lkeen voi tulla k\u00e4sittelyyn? <\/strong>Sitten kun pennut ovat l\u00e4hteneet uusiin koteihinsa ja em\u00e4 ei vuoda en\u00e4\u00e4 mit\u00e4\u00e4n.<\/li>\n\n\n\n<li><strong>Mist\u00e4 tied\u00e4n, millaista k\u00e4sittely\u00e4 koirani tarvitsee? <\/strong>Sinun ei tarvitse tiet\u00e4\u00e4. Valitsen k\u00e4sittelymuodon ja teen yhdistelm\u00e4hoitoja sen perusteella, mist\u00e4 koen koirasi hy\u00f6tyv\u00e4n eniten.<\/li>\n\n\n\n<li><strong>Pit\u00e4\u00e4k\u00f6 koiran olla kyljell\u00e4\u00e4n k\u00e4sitelt\u00e4ess\u00e4?<\/strong> Ei tarvitse. Helpoin on toki k\u00e4sitell\u00e4 kun koira makaa kyljell\u00e4\u00e4n, mutta koira voi my\u00f6s istua, olla makuullaan tai seisoa. Edet\u00e4\u00e4n sen mukaan mik\u00e4 on kussakin tilanteessa mahdollista.<\/li>\n\n\n\n<li><strong>Voinko palkata koiraa k\u00e4sittelyn aikana? <\/strong>Voit kouluttaa koiraa ja palkita, totta kai! Koko k\u00e4sittelyn ajan sy\u00f6v\u00e4 koira voi olla haastava k\u00e4sitell\u00e4, jos palkkauksesta tulee p\u00e4\u00e4asia. Herkkum\u00e4\u00e4r\u00e4n tulee olla pieni, jotta vatsa ei tule t\u00e4yteen.<\/li>\n\n\n\n<li><strong>Voinko j\u00e4tt\u00e4\u00e4 koiran hoidettavaksi ja k\u00e4yd\u00e4 sill\u00e4 v\u00e4lin hoitamassa omia asioita?<\/strong> Kyll\u00e4 voit. Sanon kyll\u00e4, jos minusta tuntuu ett\u00e4 koira on helpompi hoitaa omistajan paikalla ollessa.<\/li>\n\n\n\n<li><strong>Miten usein koiraa olisi hyv\u00e4 hoidattaa? <\/strong>Hyv\u00e4 ja toimiva hoitov\u00e4li riippuu monesta asiasta. Yleisin hoitov\u00e4li on 4-8 viikkoa. Tihe\u00e4mpi k\u00e4sittelytarve voi olla esim. koiran loukattua itse\u00e4\u00e4n tai jos on ollut ontumista.<\/li>\n<\/ol>\n\n\n\n<div class=\"wp-block-buttons is-layout-flex wp-block-buttons-is-layout-flex\">\n<div class=\"wp-block-button\"><a class=\"wp-block-button__link wp-element-button\" href=\"https:\/\/vello.fi\/hauworks\">Varaa aika<\/a><\/div>\n<\/div>\n<\/div>\n<\/div>\n<\/div>\n","protected":false},"excerpt":{"rendered":"<p>Voit varata ajan yhdelle tai useammalle koiralle. Yhden koiran hoito kest\u00e4\u00e4 noin 60min. Teen k\u00e4sittelyit\u00e4 Kinkomaalla (S\u00e4\u00e4ksj\u00e4rventie 2, halli 10) ja kotik\u00e4yntein\u00e4. HUOM! Kotik\u00e4ynteihin varaukset vain puhelimitse tai s\u00e4hk\u00f6postilla. Hieronnan esteet HUOM! K\u00e4sittelyyn ei voi tulla koira, jolla on juoksut, tarttuva tauti, kuume, shokki, tulehdus, valeraskaus, alle 7vrk leikkauksesta, tiineys tai vatsavaivoja. Otathan yhteytt\u00e4, jos [&hellip;]<\/p>\n","protected":false},"author":1,"featured_media":154,"parent":0,"menu_order":0,"comment_status":"closed","ping_status":"closed","template":"","meta":{"footnotes":""},"class_list":["post-52","page","type-page","status-publish","has-post-thumbnail","hentry"],"_links":{"self":[{"href":"https:\/\/hauworks.fi\/index.php?rest_route=\/wp\/v2\/pages\/52","targetHints":{"allow":["GET"]}}],"collection":[{"href":"https:\/\/hauworks.fi\/index.php?rest_route=\/wp\/v2\/pages"}],"about":[{"href":"https:\/\/hauworks.fi\/index.php?rest_route=\/wp\/v2\/types\/page"}],"author":[{"embeddable":true,"href":"https:\/\/hauworks.fi\/index.php?rest_route=\/wp\/v2\/users\/1"}],"replies":[{"embeddable":true,"href":"https:\/\/hauworks.fi\/index.php?rest_route=%2Fwp%2Fv2%2Fcomments&post=52"}],"version-history":[{"count":8,"href":"https:\/\/hauworks.fi\/index.php?rest_route=\/wp\/v2\/pages\/52\/revisions"}],"predecessor-version":[{"id":160,"href":"https:\/\/hauworks.fi\/index.php?rest_route=\/wp\/v2\/pages\/52\/revisions\/160"}],"wp:featuredmedia":[{"embeddable":true,"href":"https:\/\/hauworks.fi\/index.php?rest_route=\/wp\/v2\/media\/154"}],"wp:attachment":[{"href":"https:\/\/hauworks.fi\/index.php?rest_route=%2Fwp%2Fv2%2Fmedia&parent=52"}],"curies":[{"name":"wp","href":"https:\/\/api.w.org\/{rel}","templated":true}]}}