{"id":50,"date":"2026-01-12T22:20:47","date_gmt":"2026-01-12T20:20:47","guid":{"rendered":"https:\/\/hauworks.fi\/?page_id=50"},"modified":"2026-05-07T15:29:59","modified_gmt":"2026-05-07T12:29:59","slug":"hinnasto","status":"publish","type":"page","link":"https:\/\/hauworks.fi\/?page_id=50","title":{"rendered":"Hinnasto"},"content":{"rendered":"\n<div class=\"wp-block-group alignfull has-accent-5-background-color has-background has-global-padding is-content-justification-center is-layout-constrained wp-container-core-group-is-layout-07713731 wp-block-group-is-layout-constrained\" style=\"margin-top:0;margin-bottom:0;padding-top:var(--wp--preset--spacing--50);padding-right:var(--wp--preset--spacing--50);padding-bottom:var(--wp--preset--spacing--50);padding-left:var(--wp--preset--spacing--50)\">\n<p><\/p>\n\n\n\n<figure class=\"wp-block-table is-style-regular\" style=\"font-size:clamp(14px, 0.875rem + ((1vw - 3.2px) * 0.208), 16px);\"><table><tbody><tr><td><strong>Koirien k\u00e4sittelyt Kinkomaalla<\/strong><\/td><td><strong>Hinta<\/strong><\/td><td><em><strong>Huomioitavaa<\/strong><\/em><\/td><\/tr><tr><td>Yksi k\u00e4sittely<\/td><td>70\u20ac<\/td><td><\/td><\/tr><tr><td>3krt sarja<\/td><td>195\u20ac<\/td><td><\/td><\/tr><tr><td>5krt sarja<\/td><td>325\u20ac<\/td><td><\/td><\/tr><tr><td><\/td><td><\/td><td><\/td><\/tr><tr><td><strong>Koirien k\u00e4sittelyt kotik\u00e4yntin\u00e4<\/strong><\/td><td><strong>Hinta<\/strong> <strong>per koira<\/strong><\/td><td><em><strong>Huomioitavaa<\/strong><\/em><\/td><\/tr><tr><td>Muurame, Keljo, S\u00e4yn\u00e4tsalo<\/td><td>75\u20ac<\/td><td><em>lis\u00e4koirat 72 <\/em>\u20ac<\/td><\/tr><tr><td>JKL muut alueet, Korpilahti, Laukaa<\/td><td>80\u20ac<\/td><td><em>lis\u00e4koirat 77\u20ac<\/em><br><em>minimi 2 koiraa<\/em><\/td><\/tr><tr><td>\u00c4\u00e4nekoski, J\u00e4ms\u00e4<\/td><td>82\u20ac<\/td><td><em>minimi 5 koiraa<\/em><\/td><\/tr><tr><td>Saarij\u00e4rvi, Sumiainen, Karstula<\/td><td>85\u20ac<\/td><td><em>minimi 5 koiraa<\/em><\/td><\/tr><tr><td><strong>Perinteinen j\u00e4senkorjaus<\/strong><\/td><td><strong>Hinta per hl\u00f6<\/strong><\/td><td><em><strong>Huomioitavaa<\/strong><\/em><\/td><\/tr><tr><td>Harjoitushoito opiskelijaty\u00f6n\u00e4<\/td><td>35\u20ac<\/td><td>Ota yhteytt\u00e4 s\u00e4hk\u00f6postitse tai puhelimitse varataksesi ajan.<\/td><\/tr><tr><td><strong>Koulutukset<\/strong><\/td><td><strong>Hinta per hl\u00f6<\/strong><\/td><td><em><strong>Huomioitavaa<\/strong><\/em><\/td><\/tr><tr><td>Koirien faskiahoito 1<\/td><td>300\u20ac<\/td><td>Ryhm\u00e4koko 2-4 hl\u00f6\u00e4<\/td><\/tr><tr><td>Koirien faskiahoito 2<\/td><td>300\u20ac<\/td><td><br>Ryhm\u00e4koko 2-4 hl\u00f6\u00e4<\/td><\/tr><\/tbody><\/table><\/figure>\n\n\n\n<p><\/p>\n<\/div>\n\n\n\n<p><\/p>\n\n\n\n<p><\/p>\n\n\n\n<p><\/p>\n","protected":false},"excerpt":{"rendered":"<p>Koirien k\u00e4sittelyt Kinkomaalla Hinta Huomioitavaa Yksi k\u00e4sittely 70\u20ac 3krt sarja 195\u20ac 5krt sarja 325\u20ac Koirien k\u00e4sittelyt kotik\u00e4yntin\u00e4 Hinta per koira Huomioitavaa Muurame, Keljo, S\u00e4yn\u00e4tsalo 75\u20ac lis\u00e4koirat 72 \u20ac JKL muut alueet, Korpilahti, Laukaa 80\u20ac lis\u00e4koirat 77\u20acminimi 2 koiraa \u00c4\u00e4nekoski, J\u00e4ms\u00e4 82\u20ac minimi 5 koiraa Saarij\u00e4rvi, Sumiainen, Karstula 85\u20ac minimi 5 koiraa Perinteinen j\u00e4senkorjaus Hinta per [&hellip;]<\/p>\n","protected":false},"author":1,"featured_media":227,"parent":0,"menu_order":0,"comment_status":"closed","ping_status":"closed","template":"","meta":{"footnotes":""},"class_list":["post-50","page","type-page","status-publish","has-post-thumbnail","hentry"],"_links":{"self":[{"href":"https:\/\/hauworks.fi\/index.php?rest_route=\/wp\/v2\/pages\/50","targetHints":{"allow":["GET"]}}],"collection":[{"href":"https:\/\/hauworks.fi\/index.php?rest_route=\/wp\/v2\/pages"}],"about":[{"href":"https:\/\/hauworks.fi\/index.php?rest_route=\/wp\/v2\/types\/page"}],"author":[{"embeddable":true,"href":"https:\/\/hauworks.fi\/index.php?rest_route=\/wp\/v2\/users\/1"}],"replies":[{"embeddable":true,"href":"https:\/\/hauworks.fi\/index.php?rest_route=%2Fwp%2Fv2%2Fcomments&post=50"}],"version-history":[{"count":24,"href":"https:\/\/hauworks.fi\/index.php?rest_route=\/wp\/v2\/pages\/50\/revisions"}],"predecessor-version":[{"id":229,"href":"https:\/\/hauworks.fi\/index.php?rest_route=\/wp\/v2\/pages\/50\/revisions\/229"}],"wp:featuredmedia":[{"embeddable":true,"href":"https:\/\/hauworks.fi\/index.php?rest_route=\/wp\/v2\/media\/227"}],"wp:attachment":[{"href":"https:\/\/hauworks.fi\/index.php?rest_route=%2Fwp%2Fv2%2Fmedia&parent=50"}],"curies":[{"name":"wp","href":"https:\/\/api.w.org\/{rel}","templated":true}]}}