{"id":3,"date":"2026-01-11T12:34:20","date_gmt":"2026-01-11T10:34:20","guid":{"rendered":"https:\/\/hauworks.fi\/?page_id=3"},"modified":"2026-03-18T09:44:29","modified_gmt":"2026-03-18T07:44:29","slug":"tietosuojaseloste","status":"publish","type":"page","link":"https:\/\/hauworks.fi\/?page_id=3","title":{"rendered":"Tietosuoja"},"content":{"rendered":"\n<h2 class=\"wp-block-heading\"><strong>Rekisteri- ja tietosuojaseloste<\/strong><\/h2>\n\n\n\n<ol class=\"wp-block-list\">\n<li>Rekisterin nimi<\/li>\n<\/ol>\n\n\n\n<p>Kehokorjaamo Hauworksin asiakasrekisteri<\/p>\n\n\n\n<p>2. Rekisterin yll\u00e4pit\u00e4j\u00e4n yhteystiedot<\/p>\n\n\n\n<p>Tarja Urpilainen, puhelin 045&nbsp;136 6427, s\u00e4hk\u00f6posti tarja@hauworks.fi<\/p>\n\n\n\n<p>3. Ker\u00e4tt\u00e4v\u00e4t tiedot<\/p>\n\n\n\n<p>Asiakkaalta ker\u00e4t\u00e4\u00e4n tietoja asiakasvarausten yhteydess\u00e4. S\u00e4hk\u00f6isen ajanvarausj\u00e4rjestelm\u00e4n kautta ker\u00e4tt\u00e4vi\u00e4 tietoja ovat nimi, osoite, puhelinnumero ja s\u00e4hk\u00f6posti. Lis\u00e4ksi asiakas voi halutessaan ilmoittaa koirien k\u00e4sittelyyn liittyvi\u00e4 olennaisia tietoja. Varauksen tekemiseen riitt\u00e4\u00e4 pakollisena tietona nimi ja s\u00e4hk\u00f6postiosoite. Puhelimella tai s\u00e4hk\u00f6postitse varatuissa ajoissa asiakkaalta ker\u00e4t\u00e4\u00e4n nimi ja puhelinnumero. Kotik\u00e4yntivarauksissa my\u00f6s osoite.<\/p>\n\n\n\n<p>4. Tietojenk\u00e4sittelyn tarkoitus, peruste<\/p>\n\n\n\n<p>Tietojenk\u00e4sittelyn ja -keruun tarkoitus ja peruste on asiakassuhteen yll\u00e4pito, laskutus ja yhteydenpito asiakkaaseen ei-markkinoinnillisissa tarkoituksissa. Ensisijainen maksutapa on laskutus s\u00e4hk\u00f6postitse, mink\u00e4 vuoksi s\u00e4hk\u00f6postiosoite ker\u00e4t\u00e4\u00e4n kaikilta asiakkailta.<\/p>\n\n\n\n<p>5. Tietojen s\u00e4ilytysaika, suojaus ja luovutus kolmansille osapuolille<\/p>\n\n\n\n<p>Tietoja ei s\u00e4ilytet\u00e4 tarpeellista aikaa pidemp\u00e4\u00e4n. Tietoja ei luovuteta s\u00e4\u00e4nn\u00f6nmukaisesti kolmansille tahoille. Tietoja voidaan siirt\u00e4\u00e4 rekisterinpit\u00e4j\u00e4n toimesta my\u00f6s EU:n tai ETA:n ulkopuolelle mik\u00e4li ulkopuoliset palveluntarjoajat niin tekev\u00e4t. Rekisterinpit\u00e4j\u00e4 huolehtii siit\u00e4, ett\u00e4 asiakkaan tietoja k\u00e4sitell\u00e4\u00e4n huolellisesti ja tiedot suojataan asianmukaisesti.<\/p>\n\n\n\n<p>6. Rekister\u00f6idyn oikeudet<\/p>\n\n\n\n<p>Asiakkaalla on oikeus tarkistaa rekisteriin tallennetut tiedot ja vaatia niihin tarpeelliseksi n\u00e4kem\u00e4ns\u00e4 korjaukset tai pyyt\u00e4\u00e4 poistamaan tiedot rekisterist\u00e4. Tarkistuspyynt\u00f6 l\u00e4hetet\u00e4\u00e4n kirjallisesti rekisterinpit\u00e4j\u00e4lle ja vastaus l\u00e4hetet\u00e4\u00e4n asiakkaalle kahden viikon kuluessa. Asiakkaan tulee todentaa henkil\u00f6llisyytens\u00e4 pyynn\u00f6n yhteydess\u00e4.<\/p>\n\n\n\n<p>7. Tietosuojaselosteen laatiminen ja p\u00e4ivitykset tekstiin<\/p>\n\n\n\n<p>T\u00e4m\u00e4 tietosuojaseloste on laadittu 18.3.2026.<\/p>\n","protected":false},"excerpt":{"rendered":"<p>Rekisteri- ja tietosuojaseloste Kehokorjaamo Hauworksin asiakasrekisteri 2. Rekisterin yll\u00e4pit\u00e4j\u00e4n yhteystiedot Tarja Urpilainen, puhelin 045&nbsp;136 6427, s\u00e4hk\u00f6posti tarja@hauworks.fi 3. Ker\u00e4tt\u00e4v\u00e4t tiedot Asiakkaalta ker\u00e4t\u00e4\u00e4n tietoja asiakasvarausten yhteydess\u00e4. S\u00e4hk\u00f6isen ajanvarausj\u00e4rjestelm\u00e4n kautta ker\u00e4tt\u00e4vi\u00e4 tietoja ovat nimi, osoite, puhelinnumero ja s\u00e4hk\u00f6posti. Lis\u00e4ksi asiakas voi halutessaan ilmoittaa koirien k\u00e4sittelyyn liittyvi\u00e4 olennaisia tietoja. Varauksen tekemiseen riitt\u00e4\u00e4 pakollisena tietona nimi ja s\u00e4hk\u00f6postiosoite. Puhelimella [&hellip;]<\/p>\n","protected":false},"author":1,"featured_media":0,"parent":0,"menu_order":0,"comment_status":"closed","ping_status":"open","template":"","meta":{"footnotes":""},"class_list":["post-3","page","type-page","status-publish","hentry"],"_links":{"self":[{"href":"https:\/\/hauworks.fi\/index.php?rest_route=\/wp\/v2\/pages\/3","targetHints":{"allow":["GET"]}}],"collection":[{"href":"https:\/\/hauworks.fi\/index.php?rest_route=\/wp\/v2\/pages"}],"about":[{"href":"https:\/\/hauworks.fi\/index.php?rest_route=\/wp\/v2\/types\/page"}],"author":[{"embeddable":true,"href":"https:\/\/hauworks.fi\/index.php?rest_route=\/wp\/v2\/users\/1"}],"replies":[{"embeddable":true,"href":"https:\/\/hauworks.fi\/index.php?rest_route=%2Fwp%2Fv2%2Fcomments&post=3"}],"version-history":[{"count":3,"href":"https:\/\/hauworks.fi\/index.php?rest_route=\/wp\/v2\/pages\/3\/revisions"}],"predecessor-version":[{"id":194,"href":"https:\/\/hauworks.fi\/index.php?rest_route=\/wp\/v2\/pages\/3\/revisions\/194"}],"wp:attachment":[{"href":"https:\/\/hauworks.fi\/index.php?rest_route=%2Fwp%2Fv2%2Fmedia&parent=3"}],"curies":[{"name":"wp","href":"https:\/\/api.w.org\/{rel}","templated":true}]}}