{"id":2,"date":"2026-01-11T12:34:20","date_gmt":"2026-01-11T10:34:20","guid":{"rendered":"https:\/\/hauworks.fi\/?page_id=2"},"modified":"2026-05-12T12:08:13","modified_gmt":"2026-05-12T09:08:13","slug":"esimerkkisivu","status":"publish","type":"page","link":"https:\/\/hauworks.fi\/?page_id=2","title":{"rendered":"Koirien lihashuoltopalvelut"},"content":{"rendered":"\n<p><strong>Koirien lihashuoltopalvelut<\/strong><\/p>\n\n\n\n<p>Teen koirille monipuolisia k\u00e4sittelyit\u00e4:<\/p>\n\n\n\n<ul class=\"wp-block-list\">\n<li>klassinen hieronta<\/li>\n\n\n\n<li>faskiamanipulaatio<\/li>\n\n\n\n<li>rangan osteopaattinen manuaaliterapia (traktio, mobilisointi, manipulaatio)<\/li>\n\n\n\n<li>kraniosakraaliterapia<\/li>\n<\/ul>\n\n\n\n<p>Hoitoaikaa varatessa sinun ei tarvitse tiet\u00e4\u00e4, millaisesta k\u00e4sittelyst\u00e4 koirasi hy\u00f6tyy eniten. Hoitotapa valitaan koiran huolellisen palpaation ja omistajan haastattelussa esille tulleiden asioiden perusteella. Tyypillisesti hoidan koiria enemm\u00e4n kalvotekniikoilla, mutta yhdist\u00e4n hoitoon my\u00f6s muita hoitomuotoja tarpeen mukaan.<\/p>\n\n\n\n<p>Olen k\u00e4ynyt jatkokoulutuksia niin Suomessa kuin ulkomailla ja teen k\u00e4sittelyt koiran hyvinvointi edell\u00e4. Kaikki tekem\u00e4ni hoidot ovat koiralle turvallisia. Usein hyv\u00e4\u00e4n hoitotulokseen p\u00e4\u00e4seminen vaatii useamman k\u00e4sittelyn, jonka j\u00e4lkeen koiraa voidaan hoitaa yll\u00e4pit\u00e4v\u00e4ll\u00e4 hoitov\u00e4lill\u00e4. <\/p>\n\n\n\n<p>Voit olla k\u00e4sittelyn aikana paikalla, mutta jos haluat k\u00e4yd\u00e4 asioilla sill\u00e4 v\u00e4lin kun koirasi on hoidettavana, on sekin yksi vaihtoehto. Jotkut koirat rauhoittuvat hoitotilanteeseen paremmin ilman omistajaa ja toiset taas paremmin omistajan kanssa. Voit itse valita kuinka haluat toimia.<\/p>\n\n\n\n<p>Teen my\u00f6s kotik\u00e4yntej\u00e4 laajalla toimialueella. Hinnastosta l\u00f6yd\u00e4t esimerkkej\u00e4 paikkakunnista ja alueista sek\u00e4 niiden kiinte\u00e4st\u00e4 hinnoittelusta. Kotik\u00e4yntien varaus vain s\u00e4hk\u00f6postitse tai puhelimitse.<\/p>\n\n\n\n<p><\/p>\n\n\n\n<div class=\"wp-block-buttons is-layout-flex wp-block-buttons-is-layout-flex\">\n<div class=\"wp-block-button\"><a class=\"wp-block-button__link wp-element-button\" href=\"https:\/\/vello.fi\/hauworks\">Klikkaa t\u00e4st\u00e4 ajanvaraukseen<\/a><\/div>\n<\/div>\n\n\n\n<p><a href=\"https:\/\/vello.fi\/hauworks\">https:\/\/vello.fi\/hauworks<\/a><\/p>\n\n\n\n<p class=\"has-large-font-size\">Ihmisten hoidot &#8211; Perinteinen j\u00e4senkorjaus<\/p>\n\n\n\n<p>Olen aloittanut Perinteisen J\u00e4senkorjauksen opiskelut kev\u00e4\u00e4ll\u00e4 2026. Koulutus on kolmivuotinen ja odotan jo innolla tulevia opintokokonaisuuksia. Otan t\u00e4ll\u00e4 hetkell\u00e4 vastaan harjoitusasiakkaita jalkojen hoitoon. Hoidossa k\u00e4yd\u00e4\u00e4n jalat aina jalkapohjasta lantioon saakka l\u00e4pi ja tehd\u00e4\u00e4n pienimuotoinen sel\u00e4n k\u00e4sittely. Hoito kest\u00e4\u00e4 noin 60 minuuttia. <\/p>\n\n\n\n<p>Perinteinen j\u00e4senkorjaus on hell\u00e4, kehon omia liikelaajuuksia hy\u00f6dynt\u00e4v\u00e4, ei-manipulatiivinen hoitomuoto. Hoidolle on muutamia kontraindikaatioita ja otankin t\u00e4ss\u00e4 opintojen alkutaipaleella vastaan ainoastaan perusterveit\u00e4, mahdollisesti jo j\u00e4senkorjauksesta kokemusta omaavia asiakkaita. Olethan yhteydess\u00e4, mik\u00e4li haluat tulla harjoitusasiakkaakseni. <\/p>\n\n\n\n<p>Harjoitushoidon hinta on 35\u20ac sis\u00e4lt\u00e4en alv 25,5%.<\/p>\n\n\n\n<p><\/p>\n\n\n\n<p class=\"has-large-font-size\">Koulutukset alan ammattilaisille<\/p>\n\n\n\n<p>J\u00e4rjest\u00e4n koirahierojille ammatillisia jatkokoulutuksia, joissa opetan k\u00e4sittelem\u00e4\u00e4n koirien lihaskalvoja. Jos olet kiinnostunut koulutuksesta, ota yhteytt\u00e4.<\/p>\n\n\n\n<p>Kev\u00e4\u00e4n 2026 koulutusp\u00e4iv\u00e4t l\u00f6yd\u00e4t Tapahtumakalenterin puolelta.<\/p>\n","protected":false},"excerpt":{"rendered":"<p>Koirien lihashuoltopalvelut Teen koirille monipuolisia k\u00e4sittelyit\u00e4: Hoitoaikaa varatessa sinun ei tarvitse tiet\u00e4\u00e4, millaisesta k\u00e4sittelyst\u00e4 koirasi hy\u00f6tyy eniten. Hoitotapa valitaan koiran huolellisen palpaation ja omistajan haastattelussa esille tulleiden asioiden perusteella. Tyypillisesti hoidan koiria enemm\u00e4n kalvotekniikoilla, mutta yhdist\u00e4n hoitoon my\u00f6s muita hoitomuotoja tarpeen mukaan. Olen k\u00e4ynyt jatkokoulutuksia niin Suomessa kuin ulkomailla ja teen k\u00e4sittelyt koiran hyvinvointi edell\u00e4. [&hellip;]<\/p>\n","protected":false},"author":1,"featured_media":159,"parent":0,"menu_order":0,"comment_status":"closed","ping_status":"open","template":"","meta":{"footnotes":""},"class_list":["post-2","page","type-page","status-publish","has-post-thumbnail","hentry"],"_links":{"self":[{"href":"https:\/\/hauworks.fi\/index.php?rest_route=\/wp\/v2\/pages\/2","targetHints":{"allow":["GET"]}}],"collection":[{"href":"https:\/\/hauworks.fi\/index.php?rest_route=\/wp\/v2\/pages"}],"about":[{"href":"https:\/\/hauworks.fi\/index.php?rest_route=\/wp\/v2\/types\/page"}],"author":[{"embeddable":true,"href":"https:\/\/hauworks.fi\/index.php?rest_route=\/wp\/v2\/users\/1"}],"replies":[{"embeddable":true,"href":"https:\/\/hauworks.fi\/index.php?rest_route=%2Fwp%2Fv2%2Fcomments&post=2"}],"version-history":[{"count":14,"href":"https:\/\/hauworks.fi\/index.php?rest_route=\/wp\/v2\/pages\/2\/revisions"}],"predecessor-version":[{"id":232,"href":"https:\/\/hauworks.fi\/index.php?rest_route=\/wp\/v2\/pages\/2\/revisions\/232"}],"wp:featuredmedia":[{"embeddable":true,"href":"https:\/\/hauworks.fi\/index.php?rest_route=\/wp\/v2\/media\/159"}],"wp:attachment":[{"href":"https:\/\/hauworks.fi\/index.php?rest_route=%2Fwp%2Fv2%2Fmedia&parent=2"}],"curies":[{"name":"wp","href":"https:\/\/api.w.org\/{rel}","templated":true}]}}